{"id":128,"date":"2024-04-04T15:29:15","date_gmt":"2024-04-04T18:29:15","guid":{"rendered":"https:\/\/neder.letsite.com.br\/?page_id=128"},"modified":"2025-01-30T15:10:16","modified_gmt":"2025-01-30T18:10:16","slug":"home","status":"publish","type":"page","link":"https:\/\/nedereromano.com.br\/en\/","title":{"rendered":"Efficient, personalized tax solutions focused on results."},"content":{"rendered":"<p><\/p>\n<p style=\"font-weight: 400;\"><strong>Who We Are<\/strong><\/p>\n<p style=\"font-weight: 400;\">Neder e Romano Advogados is a firm specializing in tax Law. We bring sophisticated advice to companies and individuals on strategic and highly complex tax matters related to corporate reorganizations, acquisitions, investments, cross-border transactions, decision-making on property and succession matters, tax savings opportunities, sports law matters, among others.<\/p>\n<p style=\"font-weight: 400;\">Our differential is providing agile and bespoke services, relying on professionals with more than 20 years of experience in the tax field and tax litigation, including the monitoring of Brazilian IRS\u2019 and other agencies\u2019 inspections, defenses before the Administrative Council of Tax Appeals (CARF), the S\u00e3o Paulo Tax and Fee Court of Appeals, and the Courts of Justice.<\/p>\n<p style=\"font-weight: 400;\">We have built our experience by working in local and international renowned law firms. Our partners are recognized by major legal research institutions, such as ITR, Chambers &amp; Partners, and Lacca.<\/p>\n<p><\/p>","protected":false},"excerpt":{"rendered":"<p>Who We Are Neder e Romano Advogados is a firm specializing in tax Law. We bring sophisticated advice to companies and individuals on strategic and [&hellip;]<\/p>\n","protected":false},"author":1,"featured_media":31,"parent":0,"menu_order":0,"comment_status":"closed","ping_status":"closed","template":"index.php","meta":{"_acf_changed":false,"footnotes":""},"class_list":["post-128","page","type-page","status-publish","has-post-thumbnail","hentry"],"acf":[],"yoast_head":"<!-- This site is optimized with the Yoast SEO plugin v24.4 - https:\/\/yoast.com\/wordpress\/plugins\/seo\/ -->\n<title>Neder e Romano Advogados: Solu\u00e7\u00f5es tribut\u00e1rias<\/title>\n<meta name=\"description\" content=\"Um escrit\u00f3rio especializado prestando assessoria sofisticada a empresas e pessoas f\u00edsicas em estrat\u00e9gias de alta complexidade.\" \/>\n<meta name=\"robots\" content=\"index, follow, max-snippet:-1, max-image-preview:large, max-video-preview:-1\" \/>\n<link rel=\"canonical\" href=\"https:\/\/nedereromano.com.br\/en\/\" \/>\n<meta property=\"og:locale\" content=\"en_US\" \/>\n<meta property=\"og:type\" content=\"article\" \/>\n<meta property=\"og:title\" content=\"Neder e Romano Advogados: Solu\u00e7\u00f5es tribut\u00e1rias\" \/>\n<meta property=\"og:description\" content=\"Um escrit\u00f3rio especializado prestando assessoria sofisticada a empresas e pessoas f\u00edsicas em estrat\u00e9gias de alta complexidade.\" \/>\n<meta property=\"og:url\" content=\"https:\/\/nedereromano.com.br\/en\/\" \/>\n<meta property=\"og:site_name\" content=\"Neder e Romano Advogados\" \/>\n<meta property=\"article:modified_time\" content=\"2025-01-30T18:10:16+00:00\" \/>\n<meta property=\"og:image\" content=\"https:\/\/nedereromano.com.br\/wp-content\/uploads\/2024\/04\/1920x1080-Home-1024x576.png\" \/>\n\t<meta property=\"og:image:width\" content=\"1024\" \/>\n\t<meta property=\"og:image:height\" content=\"576\" \/>\n\t<meta property=\"og:image:type\" content=\"image\/png\" \/>\n<meta name=\"twitter:card\" content=\"summary_large_image\" \/>\n<meta name=\"twitter:label1\" content=\"Est. reading time\" \/>\n\t<meta name=\"twitter:data1\" content=\"2 minutes\" \/>\n<script type=\"application\/ld+json\" class=\"yoast-schema-graph\">{\"@context\":\"https:\/\/schema.org\",\"@graph\":[{\"@type\":\"WebPage\",\"@id\":\"https:\/\/nedereromano.com.br\/en\/\",\"url\":\"https:\/\/nedereromano.com.br\/en\/\",\"name\":\"Neder e Romano Advogados: Solu\u00e7\u00f5es tribut\u00e1rias\",\"isPartOf\":{\"@id\":\"https:\/\/nedereromano.com.br\/en\/#website\"},\"primaryImageOfPage\":{\"@id\":\"https:\/\/nedereromano.com.br\/en\/#primaryimage\"},\"image\":{\"@id\":\"https:\/\/nedereromano.com.br\/#primaryimage\"},\"thumbnailUrl\":\"https:\/\/nedereromano.com.br\/wp-content\/uploads\/2024\/04\/1920x1080-Home.png\",\"datePublished\":\"2024-04-04T18:29:15+00:00\",\"dateModified\":\"2025-01-30T18:10:16+00:00\",\"description\":\"Um escrit\u00f3rio especializado prestando assessoria sofisticada a empresas e pessoas f\u00edsicas em estrat\u00e9gias de alta complexidade.\",\"breadcrumb\":{\"@id\":\"https:\/\/nedereromano.com.br\/en\/#breadcrumb\"},\"inLanguage\":\"en-US\",\"potentialAction\":[{\"@type\":\"ReadAction\",\"target\":[[\"https:\/\/nedereromano.com.br\/en\/\"]]}]},{\"@type\":\"ImageObject\",\"inLanguage\":\"en-US\",\"@id\":\"https:\/\/nedereromano.com.br\/en\/#primaryimage\",\"url\":\"https:\/\/nedereromano.com.br\/wp-content\/uploads\/2024\/04\/1920x1080-Home.png\",\"contentUrl\":\"https:\/\/nedereromano.com.br\/wp-content\/uploads\/2024\/04\/1920x1080-Home.png\",\"width\":1920,\"height\":1080},{\"@type\":\"BreadcrumbList\",\"@id\":\"https:\/\/nedereromano.com.br\/en\/#breadcrumb\",\"itemListElement\":[{\"@type\":\"ListItem\",\"position\":1,\"name\":\"In\u00edcio\",\"item\":\"https:\/\/nedereromano.com.br\/en\/\"},{\"@type\":\"ListItem\",\"position\":2,\"name\":\"Solu\u00e7\u00f5es tribut\u00e1rias eficientes, individualizadas, com foco em resultados.\"}]},{\"@type\":\"WebSite\",\"@id\":\"https:\/\/nedereromano.com.br\/en\/#website\",\"url\":\"https:\/\/nedereromano.com.br\/en\/\",\"name\":\"Neder e Romano Advogados\",\"description\":\"\",\"publisher\":{\"@id\":\"https:\/\/nedereromano.com.br\/en\/#organization\"},\"potentialAction\":[{\"@type\":\"SearchAction\",\"target\":{\"@type\":\"EntryPoint\",\"urlTemplate\":\"https:\/\/nedereromano.com.br\/en\/?s={search_term_string}\"},\"query-input\":{\"@type\":\"PropertyValueSpecification\",\"valueRequired\":true,\"valueName\":\"search_term_string\"}}],\"inLanguage\":\"en-US\"},{\"@type\":\"Organization\",\"@id\":\"https:\/\/nedereromano.com.br\/en\/#organization\",\"name\":\"Neder e Romano Advogados\",\"url\":\"https:\/\/nedereromano.com.br\/en\/\",\"logo\":{\"@type\":\"ImageObject\",\"inLanguage\":\"en-US\",\"@id\":\"https:\/\/nedereromano.com.br\/en\/#\/schema\/logo\/image\/\",\"url\":\"https:\/\/nedereromano.com.br\/wp-content\/uploads\/2025\/01\/Logo-02.png\",\"contentUrl\":\"https:\/\/nedereromano.com.br\/wp-content\/uploads\/2025\/01\/Logo-02.png\",\"width\":797,\"height\":148,\"caption\":\"Neder e Romano Advogados\"},\"image\":{\"@id\":\"https:\/\/nedereromano.com.br\/en\/#\/schema\/logo\/image\/\"},\"sameAs\":[\"https:\/\/www.linkedin.com\/company\/nedereromano\/posts\/?feedView=all\",\"https:\/\/www.instagram.com\/nedereromano\/\"]}]}<\/script>\n<!-- \/ Yoast SEO plugin. -->","yoast_head_json":{"title":"Neder e Romano Advogados: Solu\u00e7\u00f5es tribut\u00e1rias","description":"Um escrit\u00f3rio especializado prestando assessoria sofisticada a empresas e pessoas f\u00edsicas em estrat\u00e9gias de alta complexidade.","robots":{"index":"index","follow":"follow","max-snippet":"max-snippet:-1","max-image-preview":"max-image-preview:large","max-video-preview":"max-video-preview:-1"},"canonical":"https:\/\/nedereromano.com.br\/en\/","og_locale":"en_US","og_type":"article","og_title":"Neder e Romano Advogados: Solu\u00e7\u00f5es tribut\u00e1rias","og_description":"Um escrit\u00f3rio especializado prestando assessoria sofisticada a empresas e pessoas f\u00edsicas em estrat\u00e9gias de alta complexidade.","og_url":"https:\/\/nedereromano.com.br\/en\/","og_site_name":"Neder e Romano Advogados","article_modified_time":"2025-01-30T18:10:16+00:00","og_image":[{"width":1024,"height":576,"url":"https:\/\/nedereromano.com.br\/wp-content\/uploads\/2024\/04\/1920x1080-Home-1024x576.png","type":"image\/png"}],"twitter_card":"summary_large_image","twitter_misc":{"Est. reading time":"2 minutes"},"schema":{"@context":"https:\/\/schema.org","@graph":[{"@type":"WebPage","@id":"https:\/\/nedereromano.com.br\/en\/","url":"https:\/\/nedereromano.com.br\/en\/","name":"Neder e Romano Advogados: Solu\u00e7\u00f5es tribut\u00e1rias","isPartOf":{"@id":"https:\/\/nedereromano.com.br\/en\/#website"},"primaryImageOfPage":{"@id":"https:\/\/nedereromano.com.br\/en\/#primaryimage"},"image":{"@id":"https:\/\/nedereromano.com.br\/#primaryimage"},"thumbnailUrl":"https:\/\/nedereromano.com.br\/wp-content\/uploads\/2024\/04\/1920x1080-Home.png","datePublished":"2024-04-04T18:29:15+00:00","dateModified":"2025-01-30T18:10:16+00:00","description":"Um escrit\u00f3rio especializado prestando assessoria sofisticada a empresas e pessoas f\u00edsicas em estrat\u00e9gias de alta complexidade.","breadcrumb":{"@id":"https:\/\/nedereromano.com.br\/en\/#breadcrumb"},"inLanguage":"en-US","potentialAction":[{"@type":"ReadAction","target":[["https:\/\/nedereromano.com.br\/en\/"]]}]},{"@type":"ImageObject","inLanguage":"en-US","@id":"https:\/\/nedereromano.com.br\/en\/#primaryimage","url":"https:\/\/nedereromano.com.br\/wp-content\/uploads\/2024\/04\/1920x1080-Home.png","contentUrl":"https:\/\/nedereromano.com.br\/wp-content\/uploads\/2024\/04\/1920x1080-Home.png","width":1920,"height":1080},{"@type":"BreadcrumbList","@id":"https:\/\/nedereromano.com.br\/en\/#breadcrumb","itemListElement":[{"@type":"ListItem","position":1,"name":"In\u00edcio","item":"https:\/\/nedereromano.com.br\/en\/"},{"@type":"ListItem","position":2,"name":"Solu\u00e7\u00f5es tribut\u00e1rias eficientes, individualizadas, com foco em resultados."}]},{"@type":"WebSite","@id":"https:\/\/nedereromano.com.br\/en\/#website","url":"https:\/\/nedereromano.com.br\/en\/","name":"Neder e Romano Advogados","description":"","publisher":{"@id":"https:\/\/nedereromano.com.br\/en\/#organization"},"potentialAction":[{"@type":"SearchAction","target":{"@type":"EntryPoint","urlTemplate":"https:\/\/nedereromano.com.br\/en\/?s={search_term_string}"},"query-input":{"@type":"PropertyValueSpecification","valueRequired":true,"valueName":"search_term_string"}}],"inLanguage":"en-US"},{"@type":"Organization","@id":"https:\/\/nedereromano.com.br\/en\/#organization","name":"Neder e Romano Advogados","url":"https:\/\/nedereromano.com.br\/en\/","logo":{"@type":"ImageObject","inLanguage":"en-US","@id":"https:\/\/nedereromano.com.br\/en\/#\/schema\/logo\/image\/","url":"https:\/\/nedereromano.com.br\/wp-content\/uploads\/2025\/01\/Logo-02.png","contentUrl":"https:\/\/nedereromano.com.br\/wp-content\/uploads\/2025\/01\/Logo-02.png","width":797,"height":148,"caption":"Neder e Romano Advogados"},"image":{"@id":"https:\/\/nedereromano.com.br\/en\/#\/schema\/logo\/image\/"},"sameAs":["https:\/\/www.linkedin.com\/company\/nedereromano\/posts\/?feedView=all","https:\/\/www.instagram.com\/nedereromano\/"]}]}},"_links":{"self":[{"href":"https:\/\/nedereromano.com.br\/en\/wp-json\/wp\/v2\/pages\/128","targetHints":{"allow":["GET"]}}],"collection":[{"href":"https:\/\/nedereromano.com.br\/en\/wp-json\/wp\/v2\/pages"}],"about":[{"href":"https:\/\/nedereromano.com.br\/en\/wp-json\/wp\/v2\/types\/page"}],"author":[{"embeddable":true,"href":"https:\/\/nedereromano.com.br\/en\/wp-json\/wp\/v2\/users\/1"}],"replies":[{"embeddable":true,"href":"https:\/\/nedereromano.com.br\/en\/wp-json\/wp\/v2\/comments?post=128"}],"version-history":[{"count":6,"href":"https:\/\/nedereromano.com.br\/en\/wp-json\/wp\/v2\/pages\/128\/revisions"}],"predecessor-version":[{"id":419,"href":"https:\/\/nedereromano.com.br\/en\/wp-json\/wp\/v2\/pages\/128\/revisions\/419"}],"wp:featuredmedia":[{"embeddable":true,"href":"https:\/\/nedereromano.com.br\/en\/wp-json\/wp\/v2\/media\/31"}],"wp:attachment":[{"href":"https:\/\/nedereromano.com.br\/en\/wp-json\/wp\/v2\/media?parent=128"}],"curies":[{"name":"wp","href":"https:\/\/api.w.org\/{rel}","templated":true}]}}